{"id":83,"date":"2026-01-16T14:31:09","date_gmt":"2026-01-16T14:31:09","guid":{"rendered":"https:\/\/altschuetzen-ev.com\/?page_id=83"},"modified":"2026-01-18T20:26:06","modified_gmt":"2026-01-18T20:26:06","slug":"jugend","status":"publish","type":"page","link":"https:\/\/altschuetzen-ev.com\/?page_id=83","title":{"rendered":"Jugend"},"content":{"rendered":"\t\t<div data-elementor-type=\"wp-page\" data-elementor-id=\"83\" class=\"elementor elementor-83\" data-elementor-post-type=\"page\">\n\t\t\t\t<div class=\"elementor-element elementor-element-3a91d40 e-flex e-con-boxed e-con e-parent\" data-id=\"3a91d40\" data-element_type=\"container\" data-e-type=\"container\">\n\t\t\t\t\t<div class=\"e-con-inner\">\n\t\t\t\t<div class=\"elementor-element elementor-element-508db9f elementor-widget elementor-widget-text-editor\" data-id=\"508db9f\" data-element_type=\"widget\" data-e-type=\"widget\" data-widget_type=\"text-editor.default\">\n\t\t\t\t\t\t\t\t\t<p>Ihr seid auf der Suche nach einem neuen Hobby?<br \/>Wollt Euch neuen Herausforderungen stellen?<\/p><p>Dann seid Ihr bei uns genau richtig!<\/p><p>Ab 10 Jahren habt Ihr die M\u00f6glichkeit jeden Freitag ab 18 Uhr das Schie\u00dfen mit dem Luftgewehr oder der Luftpistole zu erlernen.<\/p><p>Von Training zu Training baut Ihr unter Anleitung und mit Unterst\u00fctzung unserer Jugendleiter nicht nur Eure Technik zum Schie\u00dfen aus, sondern Ihr lernt auch schnell Euch richtig zu konzentrieren und das Ziel zu fokussieren, sodass Ihr bald an spannenden Wettk\u00e4mpfen teilnehmen k\u00f6nnt.<\/p><p>Spiel und Spa\u00df d\u00fcrfen hierbei nat\u00fcrlich nicht fehlen! Egal, ob in geselliger Runde, mit den anderen Jungsch\u00fctzen nach dem Training oder bei unseren Veranstaltungen wie z. B. dem Gaudischie\u00dfen, Osterschie\u00dfen, Nikolausschie\u00dfen\u2026<\/p><p>Wir haben Euer Interesse geweckt, Ihr wollt das Schie\u00dfen einmal ausprobieren oder Ihr braucht noch weitere Infos?<\/p><p>Kommt einfach an einen unserer Schie\u00dfabenden vorbei.<\/p>\t\t\t\t\t\t\t\t<\/div>\n\t\t\t\t\t<\/div>\n\t\t\t\t<\/div>\n\t\t\t\t<\/div>\n\t\t","protected":false},"excerpt":{"rendered":"<p>Ihr seid auf der Suche nach einem neuen Hobby?Wollt Euch neuen Herausforderungen stellen? Dann seid Ihr bei uns genau richtig! Ab 10 Jahren habt Ihr die M\u00f6glichkeit jeden Freitag ab 18 Uhr das Schie\u00dfen mit dem Luftgewehr oder der Luftpistole zu erlernen. Von Training zu Training baut Ihr unter Anleitung und mit Unterst\u00fctzung unserer Jugendleiter [&hellip;]<\/p>\n","protected":false},"author":1,"featured_media":0,"parent":0,"menu_order":0,"comment_status":"closed","ping_status":"closed","template":"","meta":{"footnotes":""},"class_list":["post-83","page","type-page","status-publish","hentry"],"_links":{"self":[{"href":"https:\/\/altschuetzen-ev.com\/index.php?rest_route=\/wp\/v2\/pages\/83","targetHints":{"allow":["GET"]}}],"collection":[{"href":"https:\/\/altschuetzen-ev.com\/index.php?rest_route=\/wp\/v2\/pages"}],"about":[{"href":"https:\/\/altschuetzen-ev.com\/index.php?rest_route=\/wp\/v2\/types\/page"}],"author":[{"embeddable":true,"href":"https:\/\/altschuetzen-ev.com\/index.php?rest_route=\/wp\/v2\/users\/1"}],"replies":[{"embeddable":true,"href":"https:\/\/altschuetzen-ev.com\/index.php?rest_route=%2Fwp%2Fv2%2Fcomments&post=83"}],"version-history":[{"count":7,"href":"https:\/\/altschuetzen-ev.com\/index.php?rest_route=\/wp\/v2\/pages\/83\/revisions"}],"predecessor-version":[{"id":176,"href":"https:\/\/altschuetzen-ev.com\/index.php?rest_route=\/wp\/v2\/pages\/83\/revisions\/176"}],"wp:attachment":[{"href":"https:\/\/altschuetzen-ev.com\/index.php?rest_route=%2Fwp%2Fv2%2Fmedia&parent=83"}],"curies":[{"name":"wp","href":"https:\/\/api.w.org\/{rel}","templated":true}]}}