{"id":73,"date":"2026-01-16T14:28:55","date_gmt":"2026-01-16T14:28:55","guid":{"rendered":"https:\/\/altschuetzen-ev.com\/?page_id=73"},"modified":"2026-04-09T15:17:30","modified_gmt":"2026-04-09T15:17:30","slug":"startseite","status":"publish","type":"page","link":"https:\/\/altschuetzen-ev.com\/","title":{"rendered":"Startseite"},"content":{"rendered":"\t\t<div data-elementor-type=\"wp-page\" data-elementor-id=\"73\" class=\"elementor elementor-73\" data-elementor-post-type=\"page\">\n\t\t\t\t<div class=\"elementor-element elementor-element-60ad125 e-con-full e-flex e-con e-parent\" data-id=\"60ad125\" data-element_type=\"container\" data-e-type=\"container\">\n\t\t\t\t<div class=\"elementor-element elementor-element-14a6bfe elementor-widget elementor-widget-heading\" data-id=\"14a6bfe\" data-element_type=\"widget\" data-e-type=\"widget\" data-widget_type=\"heading.default\">\n\t\t\t\t\t<h2 class=\"elementor-heading-title elementor-size-default\">Herzlich Willkommen bei der Sch\u00fctzengesellschaft Altsch\u00fctzen Kaufbeuren e.V.<\/h2>\t\t\t\t<\/div>\n\t\t\t\t<\/div>\n\t\t<div class=\"elementor-element elementor-element-94615d0 e-flex e-con-boxed e-con e-parent\" data-id=\"94615d0\" data-element_type=\"container\" data-e-type=\"container\">\n\t\t\t\t\t<div class=\"e-con-inner\">\n\t\t\t\t<div class=\"elementor-element elementor-element-5b112c5 elementor-widget elementor-widget-spacer\" data-id=\"5b112c5\" data-element_type=\"widget\" data-e-type=\"widget\" data-widget_type=\"spacer.default\">\n\t\t\t\t\t\t\t<div class=\"elementor-spacer\">\n\t\t\t<div class=\"elementor-spacer-inner\"><\/div>\n\t\t<\/div>\n\t\t\t\t\t\t<\/div>\n\t\t\t\t\t<\/div>\n\t\t\t\t<\/div>\n\t\t<div class=\"elementor-element elementor-element-732a298 e-con-full e-flex e-con e-parent\" data-id=\"732a298\" data-element_type=\"container\" data-e-type=\"container\">\n\t\t<div class=\"elementor-element elementor-element-a61cd05 e-con-full e-flex e-con e-child\" data-id=\"a61cd05\" data-element_type=\"container\" data-e-type=\"container\">\n\t\t\t\t<div class=\"elementor-element elementor-element-4c7e81e elementor-widget elementor-widget-image\" data-id=\"4c7e81e\" data-element_type=\"widget\" data-e-type=\"widget\" data-widget_type=\"image.default\">\n\t\t\t\t\t\t\t\t\t\t\t\t\t\t\t<img fetchpriority=\"high\" decoding=\"async\" width=\"253\" height=\"300\" src=\"https:\/\/altschuetzen-ev.com\/wp-content\/uploads\/2026\/01\/Altsch-Logo-Transparent-253x300.png\" class=\"attachment-medium size-medium wp-image-54\" alt=\"\" srcset=\"https:\/\/altschuetzen-ev.com\/wp-content\/uploads\/2026\/01\/Altsch-Logo-Transparent-253x300.png 253w, https:\/\/altschuetzen-ev.com\/wp-content\/uploads\/2026\/01\/Altsch-Logo-Transparent.png 468w\" sizes=\"(max-width: 253px) 100vw, 253px\" \/>\t\t\t\t\t\t\t\t\t\t\t\t\t\t\t<\/div>\n\t\t\t\t<\/div>\n\t\t<div class=\"elementor-element elementor-element-d347ec0 e-con-full e-flex e-con e-child\" data-id=\"d347ec0\" data-element_type=\"container\" data-e-type=\"container\">\n\t\t\t\t<div class=\"elementor-element elementor-element-b28f4db elementor-widget elementor-widget-text-editor\" data-id=\"b28f4db\" data-element_type=\"widget\" data-e-type=\"widget\" data-widget_type=\"text-editor.default\">\n\t\t\t\t\t\t\t\t\t<p>In unserem Sch\u00fctzenverein in Kaufbeuren schie\u00dfen wir in den Disziplinen Luftgewehr, Luftpistole und Zimmerstutzen.<br \/>Bei unserem w\u00f6chentlichen Training steht nicht nur der sportliche Erfolg, sondern auch die Geselligkeit im Vordergrund.<\/p><p>Haben wir Euer Interesse geweckt?<br \/>Gerne k\u00f6nnt Ihr w\u00e4hrend unserer Trainingszeiten bei uns im Sch\u00fctzenheim vorbeischauen und das Schie\u00dfen einmal ausprobieren.<\/p><p>Wir freuen uns auf Euch!<\/p>\t\t\t\t\t\t\t\t<\/div>\n\t\t\t\t<\/div>\n\t\t<div class=\"elementor-element elementor-element-c6079d6 e-con-full e-flex e-con e-child\" data-id=\"c6079d6\" data-element_type=\"container\" data-e-type=\"container\">\n\t\t\t\t<div class=\"elementor-element elementor-element-6e945f4 elementor-grid-1 elementor-grid-tablet-2 elementor-grid-mobile-1 elementor-posts--thumbnail-top elementor-widget elementor-widget-posts\" data-id=\"6e945f4\" data-element_type=\"widget\" data-e-type=\"widget\" data-settings=\"{&quot;classic_columns&quot;:&quot;1&quot;,&quot;classic_columns_tablet&quot;:&quot;2&quot;,&quot;classic_columns_mobile&quot;:&quot;1&quot;,&quot;classic_row_gap&quot;:{&quot;unit&quot;:&quot;px&quot;,&quot;size&quot;:35,&quot;sizes&quot;:[]},&quot;classic_row_gap_tablet&quot;:{&quot;unit&quot;:&quot;px&quot;,&quot;size&quot;:&quot;&quot;,&quot;sizes&quot;:[]},&quot;classic_row_gap_mobile&quot;:{&quot;unit&quot;:&quot;px&quot;,&quot;size&quot;:&quot;&quot;,&quot;sizes&quot;:[]}}\" data-widget_type=\"posts.classic\">\n\t\t\t\t<div class=\"elementor-widget-container\">\n\t\t\t\t\t\t\t<div class=\"elementor-posts-container elementor-posts elementor-posts--skin-classic elementor-grid\" role=\"list\">\n\t\t\t\t<article class=\"elementor-post elementor-grid-item post-205 post type-post status-publish format-standard hentry category-news\" role=\"listitem\">\n\t\t\t\t<div class=\"elementor-post__text\">\n\t\t\t\t<h3 class=\"elementor-post__title\">\n\t\t\t<a href=\"https:\/\/altschuetzen-ev.com\/?p=205\" >\n\t\t\t\tNeue K\u00f6nige und starke Leistungen bei den Altsch\u00fctzen Kaufbeuren\t\t\t<\/a>\n\t\t<\/h3>\n\t\t\t\t<div class=\"elementor-post__meta-data\">\n\t\t\t\t\t<span class=\"elementor-post-date\">\n\t\t\tApril 15, 2026\t\t<\/span>\n\t\t\t\t<span class=\"elementor-post-avatar\">\n\t\t\tKeine Kommentare\t\t<\/span>\n\t\t\t\t<\/div>\n\t\t\t\t<div class=\"elementor-post__excerpt\">\n\t\t\t<p>K\u00f6nigsschie\u00dfen 2026 mit gro\u00dfer Beteiligung \u2013 Vereinsmeister, Ehrengaben, Ged\u00e4chtnispokale und K\u00f6nige geehrt Kaufbeuren \u2013 Das traditionelle K\u00f6nigsschie\u00dfen der Altsch\u00fctzen Kaufbeuren e.V. war auch im Jahr<\/p>\n\t\t<\/div>\n\t\t\n\t\t<a class=\"elementor-post__read-more\" href=\"https:\/\/altschuetzen-ev.com\/?p=205\" aria-label=\"Mehr \u00fcber Neue K\u00f6nige und starke Leistungen bei den Altsch\u00fctzen Kaufbeuren\" tabindex=\"-1\" >\n\t\t\tWeiterlesen \u00bb\t\t<\/a>\n\n\t\t\t\t<\/div>\n\t\t\t\t<\/article>\n\t\t\t\t<\/div>\n\t\t\n\t\t\t\t\t\t<\/div>\n\t\t\t\t<\/div>\n\t\t\t\t<\/div>\n\t\t\t\t<\/div>\n\t\t\t\t<\/div>\n\t\t","protected":false},"excerpt":{"rendered":"<p>Herzlich Willkommen bei der Sch\u00fctzengesellschaft Altsch\u00fctzen Kaufbeuren e.V. In unserem Sch\u00fctzenverein in Kaufbeuren schie\u00dfen wir in den Disziplinen Luftgewehr, Luftpistole und Zimmerstutzen.Bei unserem w\u00f6chentlichen Training steht nicht nur der sportliche Erfolg, sondern auch die Geselligkeit im Vordergrund. Haben wir Euer Interesse geweckt?Gerne k\u00f6nnt Ihr w\u00e4hrend unserer Trainingszeiten bei uns im Sch\u00fctzenheim vorbeischauen und das Schie\u00dfen [&hellip;]<\/p>\n","protected":false},"author":1,"featured_media":0,"parent":0,"menu_order":0,"comment_status":"closed","ping_status":"closed","template":"elementor_header_footer","meta":{"footnotes":""},"class_list":["post-73","page","type-page","status-publish","hentry"],"_links":{"self":[{"href":"https:\/\/altschuetzen-ev.com\/index.php?rest_route=\/wp\/v2\/pages\/73","targetHints":{"allow":["GET"]}}],"collection":[{"href":"https:\/\/altschuetzen-ev.com\/index.php?rest_route=\/wp\/v2\/pages"}],"about":[{"href":"https:\/\/altschuetzen-ev.com\/index.php?rest_route=\/wp\/v2\/types\/page"}],"author":[{"embeddable":true,"href":"https:\/\/altschuetzen-ev.com\/index.php?rest_route=\/wp\/v2\/users\/1"}],"replies":[{"embeddable":true,"href":"https:\/\/altschuetzen-ev.com\/index.php?rest_route=%2Fwp%2Fv2%2Fcomments&post=73"}],"version-history":[{"count":10,"href":"https:\/\/altschuetzen-ev.com\/index.php?rest_route=\/wp\/v2\/pages\/73\/revisions"}],"predecessor-version":[{"id":112,"href":"https:\/\/altschuetzen-ev.com\/index.php?rest_route=\/wp\/v2\/pages\/73\/revisions\/112"}],"wp:attachment":[{"href":"https:\/\/altschuetzen-ev.com\/index.php?rest_route=%2Fwp%2Fv2%2Fmedia&parent=73"}],"curies":[{"name":"wp","href":"https:\/\/api.w.org\/{rel}","templated":true}]}}