{"id":130,"date":"2026-01-16T15:03:39","date_gmt":"2026-01-16T15:03:39","guid":{"rendered":"https:\/\/altschuetzen-ev.com\/?page_id=130"},"modified":"2026-01-16T15:35:12","modified_gmt":"2026-01-16T15:35:12","slug":"vorstand","status":"publish","type":"page","link":"https:\/\/altschuetzen-ev.com\/?page_id=130","title":{"rendered":"Vorstand"},"content":{"rendered":"\t\t<div data-elementor-type=\"wp-page\" data-elementor-id=\"130\" class=\"elementor elementor-130\" data-elementor-post-type=\"page\">\n\t\t\t\t<div class=\"elementor-element elementor-element-90334ab e-flex e-con-boxed e-con e-parent\" data-id=\"90334ab\" data-element_type=\"container\" data-e-type=\"container\">\n\t\t\t\t\t<div class=\"e-con-inner\">\n\t\t\t\t<div class=\"elementor-element elementor-element-2d1e4e0 elementor-widget elementor-widget-text-editor\" data-id=\"2d1e4e0\" data-element_type=\"widget\" data-e-type=\"widget\" data-widget_type=\"text-editor.default\">\n\t\t\t\t\t\t\t\t\t<h1 class=\"wp-block-heading\">\u00a0<\/h1><hr class=\"wp-block-separator has-css-opacity is-style-wide\" \/><figure class=\"wp-block-table aligncenter is-style-stripes\"><\/figure><table class=\"has-fixed-layout\"><tbody><tr><td>1. Sch\u00fctzenmeister<\/td><td>Nentwich Patrick<\/td><\/tr><tr><td>2. Sch\u00fctzenmeister<\/td><td>Gro\u00df Alfons<\/td><\/tr><tr><td>Kassiererin<\/td><td>Reisach Sabrina<\/td><\/tr><tr><td>Schriftf\u00fchrerin<\/td><td>Nentwich Tanja<\/td><\/tr><tr><td>Sportleiter<\/td><td>Simons Dennis<\/td><\/tr><tr><td>1. Jugendleiter<\/td><td>Nentwich Tanja<\/td><\/tr><tr><td>2. Jugendleiter<\/td><td>Nentwich Patrick<\/td><\/tr><tr><td>Kassenpr\u00fcfer<\/td><td>Simons Claudia<br \/>Doppelmayer Nicole<\/td><\/tr><tr><td>Beisitzer<\/td><td><p>Ressel Markus<br \/>Nentwich G\u00fcnter<br \/>Hannig Michelle<br \/>Koch Georg<\/p><\/td><\/tr><\/tbody><\/table>\t\t\t\t\t\t\t\t<\/div>\n\t\t\t\t\t<\/div>\n\t\t\t\t<\/div>\n\t\t<div class=\"elementor-element elementor-element-d883189 e-flex e-con-boxed e-con e-parent\" data-id=\"d883189\" data-element_type=\"container\" data-e-type=\"container\">\n\t\t\t\t\t<div class=\"e-con-inner\">\n\t\t\t\t<div class=\"elementor-element elementor-element-c430f7f elementor-widget elementor-widget-text-editor\" data-id=\"c430f7f\" data-element_type=\"widget\" data-e-type=\"widget\" data-widget_type=\"text-editor.default\">\n\t\t\t\t\t\t\t\t\t<h1 class=\"wp-block-heading\">Ehrenmitglieder<\/h1>\n\n<hr class=\"wp-block-separator has-css-opacity is-style-wide\" \/>\n\n<figure class=\"wp-block-table aligncenter is-style-stripes\">\n<table class=\"has-fixed-layout\" style=\"height: 97px;\" width=\"299\">\n<tbody>\n\n<tr>\n<td>Ehrensch\u00fctzenmeister<\/td>\n<td>Nentwich G\u00fcnter<\/td>\n<\/tr>\n<tr>\n<td>Ehrenmitglied<\/td>\n<td>Lindenau Roland<\/td>\n<\/tr>\n<\/tbody>\n<\/table>\n<\/figure>\t\t\t\t\t\t\t\t<\/div>\n\t\t\t\t\t<\/div>\n\t\t\t\t<\/div>\n\t\t\t\t<\/div>\n\t\t","protected":false},"excerpt":{"rendered":"<p>\u00a0 1. Sch\u00fctzenmeister Nentwich Patrick 2. Sch\u00fctzenmeister Gro\u00df Alfons Kassiererin Reisach Sabrina Schriftf\u00fchrerin Nentwich Tanja Sportleiter Simons Dennis 1. Jugendleiter Nentwich Tanja 2. Jugendleiter Nentwich Patrick Kassenpr\u00fcfer Simons ClaudiaDoppelmayer Nicole Beisitzer Ressel MarkusNentwich G\u00fcnterHannig MichelleKoch Georg Ehrenmitglieder Ehrensch\u00fctzenmeister Nentwich G\u00fcnter Ehrenmitglied Lindenau Roland<\/p>\n","protected":false},"author":1,"featured_media":0,"parent":0,"menu_order":0,"comment_status":"closed","ping_status":"closed","template":"","meta":{"footnotes":""},"class_list":["post-130","page","type-page","status-publish","hentry"],"_links":{"self":[{"href":"https:\/\/altschuetzen-ev.com\/index.php?rest_route=\/wp\/v2\/pages\/130","targetHints":{"allow":["GET"]}}],"collection":[{"href":"https:\/\/altschuetzen-ev.com\/index.php?rest_route=\/wp\/v2\/pages"}],"about":[{"href":"https:\/\/altschuetzen-ev.com\/index.php?rest_route=\/wp\/v2\/types\/page"}],"author":[{"embeddable":true,"href":"https:\/\/altschuetzen-ev.com\/index.php?rest_route=\/wp\/v2\/users\/1"}],"replies":[{"embeddable":true,"href":"https:\/\/altschuetzen-ev.com\/index.php?rest_route=%2Fwp%2Fv2%2Fcomments&post=130"}],"version-history":[{"count":16,"href":"https:\/\/altschuetzen-ev.com\/index.php?rest_route=\/wp\/v2\/pages\/130\/revisions"}],"predecessor-version":[{"id":167,"href":"https:\/\/altschuetzen-ev.com\/index.php?rest_route=\/wp\/v2\/pages\/130\/revisions\/167"}],"wp:attachment":[{"href":"https:\/\/altschuetzen-ev.com\/index.php?rest_route=%2Fwp%2Fv2%2Fmedia&parent=130"}],"curies":[{"name":"wp","href":"https:\/\/api.w.org\/{rel}","templated":true}]}}